{"id":14,"date":"2015-02-18T15:57:07","date_gmt":"2015-02-18T15:57:07","guid":{"rendered":"http:\/\/northwestmarine.se\/?page_id=14"},"modified":"2025-08-08T22:45:56","modified_gmt":"2025-08-08T20:45:56","slug":"northwest-marine","status":"publish","type":"page","link":"https:\/\/northwestmarine.se\/","title":{"rendered":"V\u00e4lkommen!"},"content":{"rendered":"\n<figure class=\"wp-block-image size-large\"><a href=\"https:\/\/northwestmarine.se\/wp-content\/uploads\/2022\/07\/cropped-IMGP2990.jpg\"><img loading=\"lazy\" decoding=\"async\" width=\"1024\" height=\"768\" src=\"https:\/\/northwestmarine.se\/wp-content\/uploads\/2022\/07\/cropped-IMGP2990-1024x768.jpg\" alt=\"\" class=\"wp-image-2219\" srcset=\"https:\/\/northwestmarine.se\/wp-content\/uploads\/2022\/07\/cropped-IMGP2990-1024x768.jpg 1024w, https:\/\/northwestmarine.se\/wp-content\/uploads\/2022\/07\/cropped-IMGP2990-416x312.jpg 416w, https:\/\/northwestmarine.se\/wp-content\/uploads\/2022\/07\/cropped-IMGP2990-300x225.jpg 300w, https:\/\/northwestmarine.se\/wp-content\/uploads\/2022\/07\/cropped-IMGP2990-768x576.jpg 768w, https:\/\/northwestmarine.se\/wp-content\/uploads\/2022\/07\/cropped-IMGP2990.jpg 1260w\" sizes=\"auto, (max-width: 1024px) 100vw, 1024px\" \/><\/a><\/figure>\n\n\n<p><span style=\"color: #000000;\"><strong>SERVICECENTER F\u00d6R B\u00c5T\u00c4GARE<\/strong><\/span><\/p>\n<p><span style=\"color: #000000;\"><strong><span style=\"color: #000000;\">Northwest Marine<\/span> erbjuder ett brett utbud av tj\u00e4nster och produkter inom den marina sektorn som bygger p\u00e5 l\u00e5ng erfarenhet och stort kunnande inom branchen.<\/strong><\/span><\/p>\n<p><span style=\"color: #000000;\"><strong>V\u00e5r verkstad \u00e4r bel\u00e4gen i Lindome en bit fr\u00e5n havet men v\u00e5r mobila enhet \u00e4r aldrig l\u00e5ngt borta och servar din b\u00e5t\u00a0 fr\u00e5n Kungsbacka \u00e4nda upp till Grebbestad.<span style=\"color: #0000ff;\">\u00a0<\/span><\/strong><\/span><\/p>\n<p><span style=\"color: #000000;\"><strong>Kontakta oss om tips och r\u00e5d eller om du vill ha hj\u00e4lp med service p\u00e5 din b\u00e5t\/drivlina.<br \/><\/strong><\/span><\/p>\n<p><span style=\"color: #0000ff;\"><a style=\"color: #0000ff;\" href=\"mailto:info@northwestmarine.se\"><strong>info@northwestmarine.se<\/strong><\/a><\/span><\/p>\n<p><span style=\"color: #000000;\"><strong>Tel Nat<span style=\"color: #0000ff;\"> 0706378680\u00a0<\/span>\u00a0\u00a0\u00a0 Int<span style=\"color: #0000ff;\">+46(0)706378680\u00a0 \u00a0 <span style=\"color: #000000;\">Swish\u00a0<span style=\"color: #0000ff;\">1232051522<\/span><\/span><\/span><\/strong><\/span><\/p>\n<hr \/>\n\n\n<p><a href=\"http:\/\/instagram.com\/northwestmarinegothenburg\" target=\"_blank\" rel=\"noreferrer noopener\"><img loading=\"lazy\" decoding=\"async\" width=\"150\" height=\"81\" class=\"wp-image-2323\" style=\"width: 150px;\" src=\"https:\/\/northwestmarine.se\/wp-content\/uploads\/2023\/07\/images.png\" alt=\"\" srcset=\"https:\/\/northwestmarine.se\/wp-content\/uploads\/2023\/07\/images.png 305w, https:\/\/northwestmarine.se\/wp-content\/uploads\/2023\/07\/images-300x162.png 300w\" sizes=\"auto, (max-width: 150px) 100vw, 150px\" \/><\/a><\/p>\n\n\n\n<p><\/p>\n","protected":false},"excerpt":{"rendered":"<p>SERVICECENTER F\u00d6R B\u00c5T\u00c4GARE Northwest Marine erbjuder ett brett utbud av tj\u00e4nster och produkter inom den marina sektorn som bygger p\u00e5 l\u00e5ng erfarenhet och stort kunnande inom branchen. V\u00e5r verkstad \u00e4r bel\u00e4gen i Lindome en bit fr\u00e5n havet men v\u00e5r mobila enhet \u00e4r aldrig l\u00e5ngt borta och servar din b\u00e5t\u00a0 fr\u00e5n Kungsbacka \u00e4nda upp till Grebbestad.\u00a0 [&hellip;]<\/p>\n","protected":false},"author":1,"featured_media":0,"parent":0,"menu_order":1,"comment_status":"closed","ping_status":"closed","template":"","meta":{"footnotes":""},"class_list":["post-14","page","type-page","status-publish","hentry"],"_links":{"self":[{"href":"https:\/\/northwestmarine.se\/index.php?rest_route=\/wp\/v2\/pages\/14","targetHints":{"allow":["GET"]}}],"collection":[{"href":"https:\/\/northwestmarine.se\/index.php?rest_route=\/wp\/v2\/pages"}],"about":[{"href":"https:\/\/northwestmarine.se\/index.php?rest_route=\/wp\/v2\/types\/page"}],"author":[{"embeddable":true,"href":"https:\/\/northwestmarine.se\/index.php?rest_route=\/wp\/v2\/users\/1"}],"replies":[{"embeddable":true,"href":"https:\/\/northwestmarine.se\/index.php?rest_route=%2Fwp%2Fv2%2Fcomments&post=14"}],"version-history":[{"count":164,"href":"https:\/\/northwestmarine.se\/index.php?rest_route=\/wp\/v2\/pages\/14\/revisions"}],"predecessor-version":[{"id":2635,"href":"https:\/\/northwestmarine.se\/index.php?rest_route=\/wp\/v2\/pages\/14\/revisions\/2635"}],"wp:attachment":[{"href":"https:\/\/northwestmarine.se\/index.php?rest_route=%2Fwp%2Fv2%2Fmedia&parent=14"}],"curies":[{"name":"wp","href":"https:\/\/api.w.org\/{rel}","templated":true}]}}